{"id":5065,"date":"2021-01-06T23:26:08","date_gmt":"2021-01-06T22:26:08","guid":{"rendered":"https:\/\/anuranjanv.sg-host.com\/badogo\/?page_id=5065"},"modified":"2021-01-06T23:28:20","modified_gmt":"2021-01-06T22:28:20","slug":"cookies","status":"publish","type":"page","link":"https:\/\/test.badogo.cz\/en\/cookies\/","title":{"rendered":"Cookies"},"content":{"rendered":"<p>[vc_row][vc_column][vc_column_text]<\/p>\r\n<h4>INFORMATION ON THE USE OF COOKIES<\/h4>\r\n<p><span style=\"font-weight: 400;\">Spole\u010dnost AGENCY LIFE S.R.O., I\u010c: 05382921, se s\u00eddlem Rybn\u00e1 716\/24, Star\u00e9 M\u011bsto, 110 00 Praha1, zapsan\u00e1 v obchodn\u00edm rejst\u0159\u00edku veden\u00e9m u M\u011bstsk\u00e9ho soudu v Praze, spisov\u00e1 zna\u010dka C 293357 (d\u00e1le jen \u201eBADOGO\u201cchr\u00e1n\u00ed ve\u0161ker\u00e9 zpracov\u00e1van\u00e9 osobn\u00ed \u00fadaje jako p\u0159\u00edsn\u011b d\u016fv\u011brn\u00e9 a nakl\u00e1d\u00e1 s nimi v souladu s platn\u00fdmi pr\u00e1vn\u00edmi p\u0159edpisy v oblasti ochrany osobn\u00edch \u00fadaj\u016f.<\/span><\/p>\r\n<p><span style=\"font-weight: 400;\">BADOGO z Va\u0161eho prohl\u00ed\u017ee\u010de p\u0159ij\u00edm\u00e1 a zaznamen\u00e1v\u00e1 informace, kter\u00e9 mohou zahrnovat i osobn\u00ed \u00fadaje. Tyto informace mohou zahrnovat Va\u0161i (i) IP adresu; (ii) jedine\u010dn\u00fd identifik\u00e1tor vyu\u017e\u00edvaj\u00edc\u00ed \u201ecookies\u201c, informace o cookies a informace t\u00fdkaj\u00edc\u00ed se toho, zda V\u00e1\u0161 p\u0159\u00edstroj disponuje softwarem pot\u0159ebn\u00fdm pro p\u0159\u00edstup k ur\u010dit\u00fdm prvk\u016fm (features); (iii) jedine\u010dn\u00fd identifik\u00e1tor p\u0159\u00edstroje a typu p\u0159\u00edstroje; (iv) dom\u00e9nu, typ prohl\u00ed\u017ee\u010de a jazyk, (v) druh opera\u010dn\u00edho syst\u00e9mu a jeho nastaven\u00ed; (vi) st\u00e1t a \u010dasov\u00e9 p\u00e1smo; (vii) d\u0159\u00edve nav\u0161t\u00edven\u00e9 webov\u00e9 str\u00e1nky; (viii) informace o Va\u0161ich kroc\u00edch na na\u0161ich Webov\u00fdch str\u00e1nk\u00e1ch, jako nap\u0159\u00edklad klik\u00e1n\u00ed, n\u00e1kupy a ozna\u010den\u00e9 preference; a (ix) \u010das p\u0159\u00edstupu a referen\u010dn\u00ed adresy URL.<\/span><\/p>\r\n<p><span style=\"font-weight: 400;\">BADOGO ke sb\u011bru v\u00fd\u0161e uveden\u00fdch informac\u00ed pou\u017e\u00edv\u00e1 n\u00ed\u017ee specifikovan\u00e9 postupy, tzv. cookies a pixelov\u00e9 tagy.<\/span><\/p>\r\n<p>&nbsp;<\/p>\r\n<h4><strong>COOKIES<\/strong><\/h4>\r\n<p><span style=\"font-weight: 400;\">Soubory cookies jsou obsahov\u011b mal\u00e9 datov\u00e9 soubory, kter\u00e9 se do Va\u0161eho po\u010d\u00edta\u010de, telefonu nebo jin\u00e9ho za\u0159\u00edzen\u00ed ukl\u00e1daj\u00ed p\u0159i n\u00e1v\u0161t\u011bv\u011b www.badogo.cz nebo www.badogo.com (d\u00e1le jen \u201eWebov\u00e9 str\u00e1nky\u201c). Soubory cookies slou\u017e\u00ed k ukl\u00e1d\u00e1n\u00ed a p\u0159ij\u00edm\u00e1n\u00ed identifik\u00e1tor\u016f a dal\u0161\u00edch informac\u00ed o po\u010d\u00edta\u010d\u00edch, telefonech a jin\u00fdch za\u0159\u00edzen\u00edch, z nich\u017e p\u0159istupujete na Webov\u00e9 str\u00e1nky, a pom\u00e1haj\u00ed n\u00e1m tak poskytovat, chr\u00e1nit a zlep\u0161ovat nab\u00edzen\u00e9 slu\u017eby.<\/span><\/p>\r\n<p><span style=\"font-weight: 400;\">Pou\u017e\u00edv\u00e1n\u00ed cookies n\u00e1m umo\u017en\u00ed nab\u00eddnout V\u00e1m ty slu\u017eby a produkty, kter\u00e9 nejl\u00e9pe odpov\u00eddaj\u00ed Va\u0161im pot\u0159eb\u00e1m a z\u00e1jm\u016fm. Cookies umo\u017e\u0148uj\u00ed zaznamenat informace o Va\u0161\u00ed n\u00e1v\u0161t\u011bv\u011b na\u0161ich Webov\u00fdch str\u00e1nk\u00e1ch a d\u00edky jejich pou\u017e\u00edv\u00e1n\u00ed tak bude Va\u0161e dal\u0161\u00ed n\u00e1v\u0161t\u011bva snaz\u0161\u00ed a rychlej\u0161\u00ed.<\/span><\/p>\r\n<p><span style=\"font-weight: 400;\">Soubory cookies zejm\u00e9na:<\/span><\/p>\r\n<ul>\r\n<li style=\"font-weight: 400;\" aria-level=\"1\"><span style=\"font-weight: 400;\">\u00a0slou\u017e\u00ed k efektivn\u00ed navigaci na Webov\u00fdch str\u00e1nk\u00e1ch, k personalizaci, ukl\u00e1d\u00e1n\u00ed p\u0159edvoleb a obecn\u011b k vylep\u0161en\u00ed u\u017eivatelsk\u00e9ho dojmu z Webov\u00fdch str\u00e1nek,<\/span><\/li>\r\n<li style=\"font-weight: 400;\" aria-level=\"1\"><span style=\"font-weight: 400;\">umo\u017e\u0148uj\u00ed rozli\u0161it, zda konkr\u00e9tn\u00ed u\u017eivatel ji\u017e v minulosti nav\u0161t\u00edvil Webov\u00e9 str\u00e1nky nebo zda je nov\u00fdm n\u00e1v\u0161t\u011bvn\u00edkem,<\/span><\/li>\r\n<li style=\"font-weight: 400;\" aria-level=\"1\"><span style=\"font-weight: 400;\">napom\u00e1haj\u00ed zobrazovat na Webov\u00fdch str\u00e1nk\u00e1ch reklamu p\u0159izp\u016fsobenou z\u00e1jm\u016fm konkr\u00e9tn\u00edho u\u017eivatele.<\/span><\/li>\r\n<\/ul>\r\n<p><span style=\"font-weight: 400;\">BADOGO soubory cookies pou\u017e\u00edv\u00e1 v p\u0159\u00edpad\u011b, \u017ee nav\u0161t\u00edv\u00edte Webov\u00e9 str\u00e1nky, a to nej\u010dast\u011bji k p\u0159izp\u016fsoben\u00ed obsahu, anonymn\u00edm statistik\u00e1m ohledn\u011b n\u00e1v\u0161t\u011bvnosti, k v\u00fdb\u011bru relevantn\u00edch reklam a k usnadn\u011bn\u00ed bezpe\u010dn\u011bj\u0161\u00edho p\u0159ihl\u00e1\u0161en\u00ed.<\/span><\/p>\r\n<p><span style=\"font-weight: 400;\">Na na\u0161ich Webov\u00fdch str\u00e1nk\u00e1ch pou\u017e\u00edv\u00e1me n\u00e1sleduj\u00edc\u00ed kategorie soubor\u016f cookies:<\/span><\/p>\r\n<ul>\r\n<li style=\"font-weight: 400;\" aria-level=\"1\"><span style=\"font-weight: 400;\">Funk\u010dn\u00ed: Tyto soubory cookies jsou vy\u017eadov\u00e1ny pro z\u00e1kladn\u00ed fungov\u00e1n\u00ed webov\u00e9 str\u00e1nky, a proto jsou v\u017edy zapnut\u00e9; pat\u0159\u00ed k nim cookies, kter\u00e9 umo\u017e\u0148uj\u00ed si V\u00e1s p\u0159i proch\u00e1zen\u00ed na\u0161ich Webov\u00fdch str\u00e1nek zapamatovat ji\u017e b\u011bhem jedin\u00e9 n\u00e1v\u0161t\u011bvy, nebo \u2013 p\u0159ejete-li si to \u2013 p\u0159i ka\u017ed\u00e9 n\u00e1v\u0161t\u011bv\u011b. Pom\u00e1haj\u00ed vytvo\u0159it obsah n\u00e1kupn\u00edho ko\u0161\u00edku a proj\u00edt procesem zaplacen\u00ed a tak\u00e9 napom\u00e1haj\u00ed v zabezpe\u010den\u00ed a p\u0159i pln\u011bn\u00ed po\u017eadavk\u016f stanoven\u00fdch pr\u00e1vn\u00edmi p\u0159edpisy.<\/span><\/li>\r\n<li style=\"font-weight: 400;\" aria-level=\"1\"><span style=\"font-weight: 400;\">Zlep\u0161uj\u00edc\u00ed fungov\u00e1n\u00ed: Tyto soubory cookies n\u00e1m umo\u017e\u0148uj\u00ed zlep\u0161ovat funkcionalitu na\u0161ich Webov\u00fdch str\u00e1nek t\u00edm, \u017ee sledujeme jejich pou\u017e\u00edv\u00e1n\u00ed. V n\u011bkter\u00fdch p\u0159\u00edpadech tyto cookies zlep\u0161uj\u00ed rychlost odezvy na Va\u0161e po\u017eadavky a umo\u017e\u0148uj\u00ed n\u00e1m zapamatovat si Va\u0161e volby vybran\u00e9 pro dan\u00e9 str\u00e1nky. Pokud tyto cookies odm\u00edtnete, m\u016f\u017ee to v\u00e9st k tomu, \u017ee doporu\u010den\u00ed nebudou p\u0159esn\u00e1 a chod str\u00e1nek se zpomal\u00ed.<\/span><\/li>\r\n<li style=\"font-weight: 400;\" aria-level=\"1\"><span style=\"font-weight: 400;\">Soci\u00e1ln\u00ed m\u00e9dia a reklama: Cookies pro soci\u00e1ln\u00ed m\u00e9dia nab\u00edzej\u00ed mo\u017enost propojit V\u00e1s se soci\u00e1ln\u00edmi s\u00edt\u011bmi a sd\u00edlet na nich obsah z na\u0161ich Webov\u00fdch str\u00e1nek. Cookies pro reklamu (cookies t\u0159et\u00edch stran) shroma\u017e\u010fuj\u00ed informace napom\u00e1haj\u00edc\u00ed l\u00e9pe p\u0159izp\u016fsobovat reklamu Va\u0161im z\u00e1jm\u016fm, a to na na\u0161ich Webov\u00fdch str\u00e1nk\u00e1ch i mimo n\u011b. V n\u011bkter\u00fdch p\u0159\u00edpadech je sou\u010d\u00e1st\u00ed t\u011bchto cookies i zpracov\u00e1n\u00ed Va\u0161ich osobn\u00edch \u00fadaj\u016f. Odm\u00edtnut\u00ed t\u011bchto cookies m\u016f\u017ee m\u00edt za n\u00e1sledek zobrazen\u00ed reklamy, kter\u00e1 pro V\u00e1s nebude tolik relevantn\u00ed, nebo nemo\u017enost \u00fa\u010dinn\u011b se propojit s \u00fa\u010dty na Facebooku, Twitteru \u010di jin\u00fdch soci\u00e1ln\u00edch s\u00edt\u00edch, a\/nebo neumo\u017en\u011bn\u00ed, abyste na soci\u00e1ln\u00edch m\u00e9di\u00edch sd\u00edleli obsah.<\/span><\/li>\r\n<\/ul>\r\n<p>&nbsp;<\/p>\r\n<h4><strong>T\u0158ET\u00cd STRANY<\/strong><\/h4>\r\n<p><span style=\"font-weight: 400;\">Prost\u0159ednictv\u00edm Webov\u00fdch str\u00e1nek mohou shroma\u017e\u010fovat informace tak\u00e9 t\u0159et\u00ed strany. Tyto t\u0159et\u00ed strany shroma\u017e\u010fuj\u00ed \u00fadaje p\u0159\u00edmo z Va\u0161eho webov\u00e9ho prohl\u00ed\u017ee\u010de a jejich zpracov\u00e1n\u00ed podl\u00e9h\u00e1 vlastn\u00edm pravidl\u016fm t\u0159et\u00edch stran pro ochranu a zpracov\u00e1n\u00ed osobn\u00edch \u00fadaj\u016f.<\/span><\/p>\r\n<p><span style=\"font-weight: 400;\">BADOGO je opr\u00e1vn\u011bna za \u00fa\u010delem propagace a optimalizace marketingov\u00e9 komunikace vyu\u017e\u00edvat inzerenty z \u0159ad t\u0159et\u00edch stran. Tyto t\u0159et\u00ed subjekty mohou vyu\u017e\u00edvat soubory cookies za \u00fa\u010delem individualizace obsahu reklamn\u00edch sd\u011blen\u00ed a m\u011b\u0159en\u00ed jejich \u00fa\u010dinnosti. Informace nashrom\u00e1\u017ed\u011bn\u00e9 t\u011bmito t\u0159et\u00edmi subjekty mohou obsahovat data o geografick\u00e9 poloze (vypl\u00fdvaj\u00edc\u00ed z IP adresy), p\u0159\u00edpadn\u011b kontaktn\u00ed \u00fadaje (nap\u0159. e-mailov\u00e1 adresa), p\u0159i\u010dem\u017e takov\u00e9 informace se shroma\u017e\u010fuj\u00ed prost\u0159ednictv\u00edm Webov\u00fdch str\u00e1nek.<\/span><\/p>\r\n<p>&nbsp;<\/p>\r\n<h4><strong>PIXELOV\u00dd TAG<\/strong><\/h4>\r\n<p><span style=\"font-weight: 400;\">Webov\u00e9 str\u00e1nky obsahuj\u00ed technologii \u201epixelov\u00fd tag\u201c. Tato technologie je transparentn\u00ed grafick\u00fd obraz, v\u011bt\u0161inou o velikosti pixel x pixel, kter\u00fd je um\u00edst\u011bn na Webov\u00fdch str\u00e1nk\u00e1ch nebo v e-mailu. Pou\u017e\u00edv\u00e1 se ke sledov\u00e1n\u00ed chov\u00e1n\u00ed na internetu u u\u017eivatel\u016f nav\u0161t\u011bvuj\u00edc\u00edch Webov\u00e9 str\u00e1nky, p\u0159\u00edpadn\u011b p\u0159i odes\u00edl\u00e1n\u00ed e-mail\u016f.<\/span><\/p>\r\n<p>&nbsp;<\/p>\r\n<h4><strong>NASTAVEN\u00cd<\/strong><\/h4>\r\n<p><span style=\"font-weight: 400;\">Pro \u00fapln\u00fd a aktu\u00e1ln\u00ed p\u0159ehled o ka\u017ed\u00e9m p\u0159\u00edstupu t\u0159et\u00edch stran k Va\u0161emu webov\u00e9mu prohl\u00ed\u017ee\u010di doporu\u010dujeme nainstalovat webov\u00fd prohl\u00ed\u017ee\u010d disponuj\u00edc\u00ed z\u00e1suvn\u00fdm modulem pro tento \u00fa\u010del. M\u016f\u017eete si tak\u00e9 vybrat mo\u017enost, kdy V\u00e1s Va\u0161e za\u0159\u00edzen\u00ed bude varovat poka\u017ed\u00e9, kdy\u017e dojde k odesl\u00e1n\u00ed souboru cookie, nebo m\u016f\u017eete v\u0161echny soubory cookies vypnout \u2013 toho dos\u00e1hnete v nastaven\u00ed Va\u0161eho prohl\u00ed\u017ee\u010de v ka\u017ed\u00e9m prohl\u00ed\u017ee\u010di a za\u0159\u00edzen\u00ed, kter\u00e9 pou\u017e\u00edv\u00e1te. Ka\u017ed\u00fd prohl\u00ed\u017ee\u010d je trochu jin\u00fd, a tak se pros\u00edm pod\u00edvejte do menu N\u00e1pov\u011bda ve Va\u0161em prohl\u00ed\u017ee\u010di, abyste zjistili, jak spr\u00e1vn\u011b nastavit pou\u017e\u00edv\u00e1n\u00ed cookies. Pokud cookies vypnete, je mo\u017en\u00e9, \u017ee nebudete m\u00edt p\u0159\u00edstup k mnoha prvk\u016fm (tzv. features), kter\u00e9 \u010din\u00ed na\u0161e Webov\u00e9 str\u00e1nky \u00fa\u010dinn\u011bj\u0161\u00ed, a n\u011bkter\u00e9 z n\u00e1mi poskytovan\u00fdch slu\u017eeb nebudou fungovat spr\u00e1vn\u011b.<\/span><\/p>\r\n<p><span style=\"font-weight: 400;\">Nastaven\u00ed soukrom\u00ed ve Va\u0161em za\u0159\u00edzen\u00ed, kde lze pou\u017eit\u00ed soubor\u016f cookies odm\u00edtnout \u010di zak\u00e1zat, najdete v menu p\u0159\u00edslu\u0161n\u00e9ho webov\u00e9ho prohl\u00ed\u017ee\u010de. Nastaven\u00ed soubor\u016f cookies v nej\u010dast\u011bji pou\u017e\u00edvan\u00fdch webov\u00fdch prohl\u00ed\u017ee\u010d\u00edch najdete po otev\u0159en\u00ed n\u00ed\u017ee uveden\u00fdch odkaz\u016f:<\/span><\/p>\r\n<ul>\r\n<li style=\"font-weight: 400;\" aria-level=\"1\"><span style=\"font-weight: 400;\">Google Chrome &#8211; <\/span><a href=\"https:\/\/support.google.com\/accounts\/answer\/61416?hl=cs\"><span style=\"font-weight: 400;\">https:\/\/support.google.com\/accounts\/answer\/61416?hl=cs<\/span><\/a><\/li>\r\n<li style=\"font-weight: 400;\" aria-level=\"1\"><span style=\"font-weight: 400;\">MozillaFirefox &#8211; <\/span><a href=\"https:\/\/support.mozilla.org\/cs\/kb\/vymazani-cookies\"><span style=\"font-weight: 400;\">https:\/\/support.mozilla.org\/cs\/kb\/vymazani-cookies<\/span><\/a><\/li>\r\n<li style=\"font-weight: 400;\" aria-level=\"1\"><span style=\"font-weight: 400;\">Internet Explorer &#8211; <\/span><a href=\"https:\/\/support.microsoft.com\/cs-cz\/products\/security\"><span style=\"font-weight: 400;\">https:\/\/support.microsoft.com\/cs-cz\/products\/security<\/span><\/a><\/li>\r\n<\/ul>\r\n<p>[\/vc_column_text][\/vc_column][\/vc_row]<\/p>","protected":false},"excerpt":{"rendered":"<p>[vc_row][vc_column][vc_column_text] INFORMATION ON THE USE OF COOKIES Spole\u010dnost AGENCY LIFE S.R.O., I\u010c: 05382921, se s\u00eddlem Rybn\u00e1 716\/24, Star\u00e9 M\u011bsto, 110 00 Praha1, zapsan\u00e1 v obchodn\u00edm rejst\u0159\u00edku veden\u00e9m u M\u011bstsk\u00e9ho soudu v Praze, spisov\u00e1 zna\u010dka C 293357 (d\u00e1le jen \u201eBADOGO\u201cchr\u00e1n\u00ed ve\u0161ker\u00e9 zpracov\u00e1van\u00e9 osobn\u00ed \u00fadaje jako p\u0159\u00edsn\u011b d\u016fv\u011brn\u00e9 a nakl\u00e1d\u00e1 s nimi v souladu s platn\u00fdmi pr\u00e1vn\u00edmi&hellip;<\/p>\n","protected":false},"author":23,"featured_media":0,"parent":0,"menu_order":0,"comment_status":"closed","ping_status":"open","template":"","meta":{"inline_featured_image":false},"_links":{"self":[{"href":"https:\/\/test.badogo.cz\/en\/wp-json\/wp\/v2\/pages\/5065"}],"collection":[{"href":"https:\/\/test.badogo.cz\/en\/wp-json\/wp\/v2\/pages"}],"about":[{"href":"https:\/\/test.badogo.cz\/en\/wp-json\/wp\/v2\/types\/page"}],"author":[{"embeddable":true,"href":"https:\/\/test.badogo.cz\/en\/wp-json\/wp\/v2\/users\/23"}],"replies":[{"embeddable":true,"href":"https:\/\/test.badogo.cz\/en\/wp-json\/wp\/v2\/comments?post=5065"}],"version-history":[{"count":0,"href":"https:\/\/test.badogo.cz\/en\/wp-json\/wp\/v2\/pages\/5065\/revisions"}],"wp:attachment":[{"href":"https:\/\/test.badogo.cz\/en\/wp-json\/wp\/v2\/media?parent=5065"}],"curies":[{"name":"wp","href":"https:\/\/api.w.org\/{rel}","templated":true}]}}